{"id":13392,"date":"2025-01-24T20:12:56","date_gmt":"2025-01-24T19:12:56","guid":{"rendered":"https:\/\/kultur.ftmk.uni-mainz.de\/?page_id=13392"},"modified":"2025-10-21T09:17:41","modified_gmt":"2025-10-21T07:17:41","slug":"teaching","status":"publish","type":"page","link":"https:\/\/kultur.ftmk.uni-mainz.de\/en\/teaching\/","title":{"rendered":"Current Course Offerings"},"content":{"rendered":"\n<div class=\"wp-block-columns is-layout-flex wp-container-core-columns-is-layout-9d6595d7 wp-block-columns-is-layout-flex\">\n<div class=\"wp-block-column is-layout-flow wp-block-column-is-layout-flow\" style=\"flex-basis:66.66%\"><jgu-base-heading react-props=\"{\n    &quot;tags&quot;: {\n        &quot;htmlTag&quot;: &quot;h2&quot;,\n        &quot;classTag&quot;: &quot;&quot;,\n        &quot;tag&quot;: &quot;h2&quot;\n    },\n    &quot;heading&quot;: &quot;Course offerings in the current semester&quot;,\n    &quot;textAlign&quot;: &quot;left&quot;,\n    &quot;anchor&quot;: &quot;&quot;,\n    &quot;index&quot;: &quot;&quot;,\n    &quot;color&quot;: &quot;red&quot;\n}\"><\/jgu-base-heading>\n\n\n\t<ol class=\"wp-block-list has-big-font-size\">\n\t\t\t\t\t<li>\n\t\t\t<a href=\"?event_id=395615899669351&amp;skip_groups=false\">\n\t\t\t\tEinf\u00fchrungsveranstaltung f\u00fcr alle Studienanf\u00e4nger*innen im BA Kulturanthropologie<\/a><br>\n\t\t\t\tInstructor: N.N.\t\t\t\t\t\t<\/li>\n\t\t\t\t\t<li>\n\t\t\t<a href=\"?event_id=395615899677349&amp;skip_groups=false\">\n\t\t\t\tEinf\u00fchrungsveranstaltung f\u00fcr alle Studienanf\u00e4nger*innen im MA Kulturanthropologie<\/a><br>\n\t\t\t\tInstructor: N.N.\t\t\t\t\t\t<\/li>\n\t\t\t\t\t<li>\n\t\t\t<a href=\"?event_id=395858094069524&amp;skip_groups=false\">\n\t\t\t\tK. Kolloquium (KAEE) (2024)<\/a><br>\n\t\t\t\tInstructor: PD Dr. Christina Niem\t\t\t\t\t\t<\/li>\n\t\t\t\t\t<li>\n\t\t\t<a href=\"?event_id=395858094013521&amp;skip_groups=false\">\n\t\t\t\tK. Kolloquium: Die Anmeldung erfolgt per E-Mail (Studierendenaccount) an das Studienb\u00fcro im Rahmen einer der Lehrveranstaltungsanmeldephasen.<\/a><br>\n\t\t\t\tInstructor: PD Dr. Christina Niem\t\t\t\t\t\t<\/li>\n\t\t\t\t\t<li>\n\t\t\t<a href=\"?event_id=394955852329767&amp;skip_groups=false\">\n\t\t\t\tMA HS. Aktuelle Themen und Perspektiven der Kulturanthropologie\/Volkskunde: Queer and crip encounters or what do ethnographies do?<\/a><br>\n\t\t\t\tInstructor: Konstadin Karavasilev\t\t\t\t\t\t<\/li>\n\t\t\t\t\t<li>\n\t\t\t<a href=\"?event_id=395858604406824&amp;skip_groups=false\">\n\t\t\t\tMA HS. Regionalit\u00e4t, Interkulturalit\u00e4t und Globalisierung: Immaterielles Kulturerbe<\/a><br>\n\t\t\t\tInstructor: Jun.-Prof. Dr. Mirko Uhlig\t\t\t\t\t\t<\/li>\n\t\t\t\t\t<li>\n\t\t\t<a href=\"?event_id=395858604360807&amp;skip_groups=false\">\n\t\t\t\tMA HS. Semantiken und Gegennarrative kulturanthropologischer Forschung: Feministische Anthropologie<\/a><br>\n\t\t\t\tInstructor: Dr. Milana Cergic\t\t\t\t\t\t<\/li>\n\t\t\t\t\t<li>\n\t\t\t<a href=\"?event_id=395858604409834&amp;skip_groups=false\">\n\t\t\t\tMA K. Kolloquium (2019)<\/a><br>\n\t\t\t\tInstructor: Univ.-Prof. Dr. Carna Brkovic\t\t\t\t\t\t<\/li>\n\t\t\t\t\t<li>\n\t\t\t<a href=\"?event_id=396334704369995&amp;skip_groups=false\">\n\t\t\t\tMA PrS. Thematische Begleitung: Fastnacht und Stadtgesellschaft in Mainz<\/a><br>\n\t\t\t\tInstructor: Univ.-Prof. Dr. Thomas Bierschenk\t\t\t\t\t\t<\/li>\n\t\t\t\t\t<li>\n\t\t\t<a href=\"?event_id=395858604432821&amp;skip_groups=false\">\n\t\t\t\tMA PrS. Thematische Hinf\u00fchrung zum Projekt und Pr\u00e4sentation der Ergebnisse: Region und kulturelle Praxis<\/a><br>\n\t\t\t\tInstructor: PD Dr. Christina Niem\t\t\t\t\t\t<\/li>\n\t\t\t\t\t<li>\n\t\t\t<a href=\"?event_id=396306969536298&amp;skip_groups=false\">\n\t\t\t\tMA PrS. Thematische Hinf\u00fchrung: Todsicher f\u00fcr ewig? Die Bestattungskultur Rheinland-Pfalz im Wandel<\/a><br>\n\t\t\t\tInstructor: Dr. Grit Wesser\t\t\t\t\t\t<\/li>\n\t\t\t\t\t<li>\n\t\t\t<a href=\"?event_id=396334704422002&amp;skip_groups=false\">\n\t\t\t\tMA \u00dc. Datenauswertung, Interpretation und Pr\u00e4sentation: Fastnacht und Stadtgesellschaft in Mainz<\/a><br>\n\t\t\t\tInstructor: Univ.-Prof. Dr. Thomas Bierschenk\t\t\t\t\t\t<\/li>\n\t\t\t\t\t<li>\n\t\t\t<a href=\"?event_id=395860013201854&amp;skip_groups=false\">\n\t\t\t\tMA \u00dc. Datenerhebung (Modul IV): Todsicher f\u00fcr ewig? Die Bestattungskultur Rheinland-Pfalz im Wandel<\/a><br>\n\t\t\t\tInstructor: Dr. Grit Wesser\t\t\t\t\t\t<\/li>\n\t\t\t\t\t<li>\n\t\t\t<a href=\"?event_id=395858604436840&amp;skip_groups=false\">\n\t\t\t\tMA \u00dc. Datenerhebung (Modul V): Region und kulturelle Praxis<\/a><br>\n\t\t\t\tInstructor: PD Dr. Christina Niem\t\t\t\t\t\t<\/li>\n\t\t\t\t\t<li>\n\t\t\t<a href=\"?event_id=396334704465998&amp;skip_groups=false\">\n\t\t\t\tMA \u00dc. Datennacherhebung und Aufbereitung: Fastnacht und Stadtgesellschaft in Mainz<\/a><br>\n\t\t\t\tInstructor: Univ.-Prof. Dr. Thomas Bierschenk\t\t\t\t\t\t<\/li>\n\t\t\t\t\t<li>\n\t\t\t<a href=\"?event_id=395858604482817&amp;skip_groups=false\">\n\t\t\t\tMA \u00dc. Ethnographische Repr\u00e4sentation und Forschungsethik: Reflexionen \u00fcber die Darstellungen vom Selbst und vom Anderen in der kulturanthropologischen Forschung<\/a><br>\n\t\t\t\tInstructor: Dr. Milana Cergic\t\t\t\t\t\t<\/li>\n\t\t\t\t\t<li>\n\t\t\t<a href=\"?event_id=396394528958756&amp;skip_groups=false\">\n\t\t\t\tMA VL. Alltagskulturelle Forschungsperspektiven I: Fachkolloquium<\/a><br>\n\t\t\t\tInstructor: Andrea Bittner M.A.\t\t\t\t\t\t<\/li>\n\t\t\t\t\t<li>\n\t\t\t<a href=\"?event_id=394955864989824&amp;skip_groups=false\">\n\t\t\t\tPr. Praktikum (180h) (KAEE)<\/a><br>\n\t\t\t\tInstructor: Dr. Taylor Andrew McConnell\t\t\t\t\t\t<\/li>\n\t\t\t\t\t<li>\n\t\t\t<a href=\"?event_id=395857982197441&amp;skip_groups=false\">\n\t\t\t\tPS. Einf\u00fchrungs ins wissenschaftliche Arbeiten<\/a><br>\n\t\t\t\tInstructor: Dr. Grit Wesser\t\t\t\t\t\t<\/li>\n\t\t\t\t\t<li>\n\t\t\t<a href=\"?event_id=395857970664428&amp;skip_groups=false\">\n\t\t\t\tS. Alltagskulturforschung &#8211; Regionalanalysen (Sommer)<\/a><br>\n\t\t\t\tInstructor: PD Dr. Christina Niem; Jun.-Prof. Dr. Mirko Uhlig\t\t\t\t\t\t<\/li>\n\t\t\t\t\t<li>\n\t\t\t<a href=\"?event_id=395023492090072&amp;skip_groups=false\">\n\t\t\t\tS. Kulturanthropologie\/Europ\u00e4ischen Ethnologie aus vergleichender Perspektive: Verschw\u00f6rungserz\u00e4hlungen<\/a><br>\n\t\t\t\tInstructor: Jun.-Prof. Dr. Mirko Uhlig\t\t\t\t\t\t<\/li>\n\t\t\t\t\t<li>\n\t\t\t<a href=\"?event_id=395858022905477&amp;skip_groups=false\">\n\t\t\t\tS. Kulturanthropologie\/Europ\u00e4ischen Ethnologie aus vergleichender Perspektive: Zwischen F\u00fcrsorge und Kontrolle: Kulturanthropologische Perspektiven auf Flucht, Asyl und Nationalstaat in Europa<\/a><br>\n\t\t\t\tInstructor: Eva-Maria Walther\t\t\t\t\t\t<\/li>\n\t\t\t\t\t<li>\n\t\t\t<a href=\"?event_id=395236338674442&amp;skip_groups=false\">\n\t\t\t\tS. Medialit\u00e4t und Visualit\u00e4t der Kultur: Multimodale Anthropologie\/Multimodal Anthropology<\/a><br>\n\t\t\t\tInstructor: Dafina Gashi\t\t\t\t\t\t<\/li>\n\t\t\t\t\t<li>\n\t\t\t<a href=\"?event_id=394975067996393&amp;skip_groups=false\">\n\t\t\t\tS. Medialit\u00e4t und Visualit\u00e4t der Kultur: \u201cThe Image That Never Ends\u201c oder: Das Bild zwischen Macht\/Wissen, Alltagspraxis, Forschungstool. Theorie &amp; Praxis der Visuellen Anthropologie<\/a><br>\n\t\t\t\tInstructor: Marlene Sophie Hempel\t\t\t\t\t\t<\/li>\n\t\t\t\t\t<li>\n\t\t\t<a href=\"?event_id=395858001950463&amp;skip_groups=false\">\n\t\t\t\tS. Methoden der Kulturanthropologie\/Europ\u00e4ischen Ethnologie (Sommer): Kulturanalyse: von den 1960er- bis zu den 2010er-Jahren<\/a><br>\n\t\t\t\tInstructor: Univ.-Prof. Dr. Carna Brkovic\t\t\t\t\t\t<\/li>\n\t\t\t\t\t<li>\n\t\t\t<a href=\"?event_id=394975067888367&amp;skip_groups=false\">\n\t\t\t\tSicherung KAEE<\/a><br>\n\t\t\t\tInstructor: N.N.\t\t\t\t\t\t<\/li>\n\t\t\t\t\t<li>\n\t\t\t<a href=\"?event_id=395414854445668&amp;skip_groups=false\">\n\t\t\t\tSicherung KAEE<\/a><br>\n\t\t\t\tInstructor: N.N.\t\t\t\t\t\t<\/li>\n\t\t\t\t\t<li>\n\t\t\t<a href=\"?event_id=395954709829975&amp;skip_groups=false\">\n\t\t\t\tSicherung KAEE<\/a><br>\n\t\t\t\tInstructor: N.N.\t\t\t\t\t\t<\/li>\n\t\t\t\t\t<li>\n\t\t\t<a href=\"?event_id=395954716023978&amp;skip_groups=false\">\n\t\t\t\tSicherung KAEE<\/a><br>\n\t\t\t\tInstructor: N.N.\t\t\t\t\t\t<\/li>\n\t\t\t\t\t<li>\n\t\t\t<a href=\"?event_id=395954717114982&amp;skip_groups=false\">\n\t\t\t\tSicherung KAEE<\/a><br>\n\t\t\t\tInstructor: N.N.\t\t\t\t\t\t<\/li>\n\t\t\t\t\t<li>\n\t\t\t<a href=\"?event_id=395954717102980&amp;skip_groups=false\">\n\t\t\t\tSicherung KAEE<\/a><br>\n\t\t\t\tInstructor: N.N.\t\t\t\t\t\t<\/li>\n\t\t\t\t\t<li>\n\t\t\t<a href=\"?event_id=394955545210396&amp;skip_groups=false\">\n\t\t\t\tSicherung KAEE<\/a><br>\n\t\t\t\tInstructor: N.N.\t\t\t\t\t\t<\/li>\n\t\t\t\t\t<li>\n\t\t\t<a href=\"?event_id=395236333957401&amp;skip_groups=false\">\n\t\t\t\tSicherung KAEE<\/a><br>\n\t\t\t\tInstructor: N.N.\t\t\t\t\t\t<\/li>\n\t\t\t\t\t<li>\n\t\t\t<a href=\"?event_id=395858031615493&amp;skip_groups=false\">\n\t\t\t\tSLS. Begleitende Lekt\u00fcre<\/a><br>\n\t\t\t\tInstructor: Jun.-Prof. Dr. Mirko Uhlig; Eva-Maria Walther\t\t\t\t\t\t<\/li>\n\t\t\t\t\t<li>\n\t\t\t<a href=\"?event_id=395858031655490&amp;skip_groups=false\">\n\t\t\t\tSLS. Begleitende Lekt\u00fcre II<\/a><br>\n\t\t\t\tInstructor: Dafina Gashi; Marlene Sophie Hempel\t\t\t\t\t\t<\/li>\n\t\t\t\t\t<li>\n\t\t\t<a href=\"?event_id=394955902380843&amp;skip_groups=false\">\n\t\t\t\tSLS. Schreiblabor<\/a><br>\n\t\t\t\tInstructor: PD Dr. Christina Niem\t\t\t\t\t\t<\/li>\n\t\t\t\t\t<li>\n\t\t\t<a href=\"?event_id=395857997492452&amp;skip_groups=false\">\n\t\t\t\t\u00dc. Berufliche Perspektiven<\/a><br>\n\t\t\t\tInstructor: Dr. Taylor Andrew McConnell\t\t\t\t\t\t<\/li>\n\t\t\t\t\t<li>\n\t\t\t<a href=\"?event_id=395858017647470&amp;skip_groups=false\">\n\t\t\t\t\u00dc. Fachwissenschaftliche Spezialisierung: Fachkolloquium<\/a><br>\n\t\t\t\tInstructor: Andrea Bittner M.A.\t\t\t\t\t\t<\/li>\n\t\t\t\t\t<li>\n\t\t\t<a href=\"?event_id=395857950361419&amp;skip_groups=false\">\n\t\t\t\t\u00dc. Schl\u00fcsseltexte und Schl\u00fcsselbegriffe (Sommer)<\/a><br>\n\t\t\t\tInstructor: Dafina Gashi; Roman Olshevskiy; Alina Sotiieva\t\t\t\t\t\t<\/li>\n\t\t\t\t\t<li>\n\t\t\t<a href=\"?event_id=394955902331835&amp;skip_groups=false\">\n\t\t\t\tVL. Grundlagen der Kulturanthropologie\/Europ\u00e4ischen Ethnologie (Sommer)<\/a><br>\n\t\t\t\tInstructor: Univ.-Prof. Dr. Carna Brkovic\t\t\t\t\t\t<\/li>\n\t\t<\/ol>\n\t<hr>\n<p>\n\tSoSe 2026\t<\/p>\n\n<\/div>\n\n\n\n<div class=\"wp-block-column is-layout-flow wp-block-column-is-layout-flow\" style=\"flex-basis:33.33%\">\n<figure class=\"wp-block-table is-style-stripes\"><table><thead><tr><th>Abbreviation<\/th><th>Meaning<\/th><\/tr><\/thead><tbody><tr><td>HS<\/td><td>Hauptseminar<\/td><\/tr><tr><td>K<\/td><td>Colloquium<\/td><\/tr><tr><td>L\u00dc<\/td><td>Teaching tutorial<\/td><\/tr><tr><td>MA<\/td><td>Master<\/td><\/tr><tr><td>Pr<\/td><td>Project<\/td><\/tr><tr><td>PrS<\/td><td>Project seminar<\/td><\/tr><tr><td>PS<\/td><td>Proseminar<\/td><\/tr><tr><td>S<\/td><td>Seminar<\/td><\/tr><tr><td>SLS<\/td><td>Self-taught seminar<\/td><\/tr><tr><td>\u00dc<\/td><td>Tutorial<\/td><\/tr><tr><td>VL<\/td><td>Lecture<\/td><\/tr><\/tbody><\/table><\/figure>\n<\/div>\n<\/div>\n    <div style=\"display: none\">\n        \n    <\/div>","protected":false},"excerpt":{"rendered":"<p>Abbreviation Meaning HS Hauptseminar K Colloquium L\u00dc Teaching tutorial MA Master Pr Project PrS Project seminar PS Proseminar S Seminar SLS Self-taught seminar \u00dc Tutorial VL Lecture<\/p>\n","protected":false},"author":1272,"featured_media":0,"parent":0,"menu_order":0,"comment_status":"closed","ping_status":"closed","template":"","meta":{"footnotes":""},"categories":[],"tags":[],"class_list":["post-13392","page","type-page","status-publish","hentry"],"content_raw":"<!-- wp:columns -->\n<div class=\"wp-block-columns\"><!-- wp:column {\"width\":\"66.66%\"} -->\n<div class=\"wp-block-column\" style=\"flex-basis:66.66%\"><!-- wp:jgu\/heading {\"tags\":{\"htmlTag\":\"h2\",\"classTag\":\"\",\"tag\":\"h2\"},\"heading\":\"Course offerings in the current semester\"} \/-->\n\n<!-- wp:jgu\/jogustine {\"orgunit\":\"Kulturanthropologie\"} \/--><\/div>\n<!-- \/wp:column -->\n\n<!-- wp:column {\"width\":\"33.33%\"} -->\n<div class=\"wp-block-column\" style=\"flex-basis:33.33%\"><!-- wp:table {\"className\":\"is-style-stripes\",\"translatedWithWPMLTM\":\"1\"} -->\n<figure class=\"wp-block-table is-style-stripes\"><table><thead><tr><th>Abbreviation<\/th><th>Meaning<\/th><\/tr><\/thead><tbody><tr><td>HS<\/td><td>Hauptseminar<\/td><\/tr><tr><td>K<\/td><td>Colloquium<\/td><\/tr><tr><td>L\u00dc<\/td><td>Teaching tutorial<\/td><\/tr><tr><td>MA<\/td><td>Master<\/td><\/tr><tr><td>Pr<\/td><td>Project<\/td><\/tr><tr><td>PrS<\/td><td>Project seminar<\/td><\/tr><tr><td>PS<\/td><td>Proseminar<\/td><\/tr><tr><td>S<\/td><td>Seminar<\/td><\/tr><tr><td>SLS<\/td><td>Self-taught seminar<\/td><\/tr><tr><td>\u00dc<\/td><td>Tutorial<\/td><\/tr><tr><td>VL<\/td><td>Lecture<\/td><\/tr><\/tbody><\/table><\/figure>\n<!-- \/wp:table --><\/div>\n<!-- \/wp:column --><\/div>\n<!-- \/wp:columns -->","_links":{"self":[{"href":"https:\/\/kultur.ftmk.uni-mainz.de\/en\/wp-json\/wp\/v2\/pages\/13392","targetHints":{"allow":["GET"]}}],"collection":[{"href":"https:\/\/kultur.ftmk.uni-mainz.de\/en\/wp-json\/wp\/v2\/pages"}],"about":[{"href":"https:\/\/kultur.ftmk.uni-mainz.de\/en\/wp-json\/wp\/v2\/types\/page"}],"author":[{"embeddable":true,"href":"https:\/\/kultur.ftmk.uni-mainz.de\/en\/wp-json\/wp\/v2\/users\/1272"}],"replies":[{"embeddable":true,"href":"https:\/\/kultur.ftmk.uni-mainz.de\/en\/wp-json\/wp\/v2\/comments?post=13392"}],"version-history":[{"count":2,"href":"https:\/\/kultur.ftmk.uni-mainz.de\/en\/wp-json\/wp\/v2\/pages\/13392\/revisions"}],"predecessor-version":[{"id":14286,"href":"https:\/\/kultur.ftmk.uni-mainz.de\/en\/wp-json\/wp\/v2\/pages\/13392\/revisions\/14286"}],"wp:attachment":[{"href":"https:\/\/kultur.ftmk.uni-mainz.de\/en\/wp-json\/wp\/v2\/media?parent=13392"}],"wp:term":[{"taxonomy":"category","embeddable":true,"href":"https:\/\/kultur.ftmk.uni-mainz.de\/en\/wp-json\/wp\/v2\/categories?post=13392"},{"taxonomy":"post_tag","embeddable":true,"href":"https:\/\/kultur.ftmk.uni-mainz.de\/en\/wp-json\/wp\/v2\/tags?post=13392"}],"curies":[{"name":"wp","href":"https:\/\/api.w.org\/{rel}","templated":true}]}}