{"id":13507,"date":"2025-01-24T19:38:43","date_gmt":"2025-01-24T18:38:43","guid":{"rendered":"https:\/\/kultur.ftmk.uni-mainz.de\/?page_id=13507"},"modified":"2026-04-21T12:04:10","modified_gmt":"2026-04-21T10:04:10","slug":"gashi","status":"publish","type":"page","link":"https:\/\/kultur.ftmk.uni-mainz.de\/en\/gashi\/","title":{"rendered":"Dafina Gashi, M.A."},"content":{"rendered":"<jgu-base-section react-props=\"{&quot;color&quot;:&quot;dark&quot;,&quot;align&quot;:&quot;wide&quot;,&quot;padding&quot;:&quot;medium&quot;}\">\n<div class=\"jgu-bgsection bg bg-dark \"><div class=\"content padding-medium\"><jgu-base-heading react-props=\"{\n    &quot;index&quot;: &quot;Research Associate | BA Academic Adviser&quot;,\n    &quot;color&quot;: &quot;default&quot;,\n    &quot;tags&quot;: {\n        &quot;htmlTag&quot;: &quot;h2&quot;,\n        &quot;classTag&quot;: &quot;&quot;,\n        &quot;tag&quot;: &quot;h2&quot;\n    },\n    &quot;heading&quot;: &quot;Dafina Gashi, M.A.&quot;,\n    &quot;textAlign&quot;: &quot;left&quot;,\n    &quot;anchor&quot;: &quot;&quot;\n}\"><\/jgu-base-heading>\n\n\n\n<div class=\"wp-block-columns is-layout-flex wp-container-core-columns-is-layout-9d6595d7 wp-block-columns-is-layout-flex\">\n<div class=\"wp-block-column is-layout-flow wp-block-column-is-layout-flow\" style=\"flex-basis:33.33%\"><jgu-base-image react-props=\"{\n    &quot;image&quot;: {\n        &quot;url&quot;: &quot;https:\\\/\\\/cms.zdv.uni-mainz.de\\\/fb05-iftek-kultur\\\/wp-content\\\/uploads\\\/sites\\\/573\\\/2025\\\/01\\\/Dafina-Gashi-Jpg-scaled-1.jpg&quot;,\n        &quot;id&quot;: 9639,\n        &quot;title&quot;: &quot;Dafina-Gashi-Jpg-scaled&quot;,\n        &quot;width&quot;: 2560,\n        &quot;height&quot;: 2432,\n        &quot;srcset&quot;: &quot;https:\\\/\\\/cms.zdv.uni-mainz.de\\\/fb05-iftek-kultur\\\/wp-content\\\/uploads\\\/sites\\\/573\\\/2025\\\/01\\\/Dafina-Gashi-Jpg-scaled-1.jpg 2560w, https:\\\/\\\/cms.zdv.uni-mainz.de\\\/fb05-iftek-kultur\\\/wp-content\\\/uploads\\\/sites\\\/573\\\/2025\\\/01\\\/Dafina-Gashi-Jpg-scaled-1-300x285.jpg 300w, https:\\\/\\\/cms.zdv.uni-mainz.de\\\/fb05-iftek-kultur\\\/wp-content\\\/uploads\\\/sites\\\/573\\\/2025\\\/01\\\/Dafina-Gashi-Jpg-scaled-1-1024x973.jpg 1024w, https:\\\/\\\/cms.zdv.uni-mainz.de\\\/fb05-iftek-kultur\\\/wp-content\\\/uploads\\\/sites\\\/573\\\/2025\\\/01\\\/Dafina-Gashi-Jpg-scaled-1-768x730.jpg 768w, https:\\\/\\\/cms.zdv.uni-mainz.de\\\/fb05-iftek-kultur\\\/wp-content\\\/uploads\\\/sites\\\/573\\\/2025\\\/01\\\/Dafina-Gashi-Jpg-scaled-1-1536x1459.jpg 1536w, https:\\\/\\\/cms.zdv.uni-mainz.de\\\/fb05-iftek-kultur\\\/wp-content\\\/uploads\\\/sites\\\/573\\\/2025\\\/01\\\/Dafina-Gashi-Jpg-scaled-1-2048x1946.jpg 2048w&quot;\n    },\n    &quot;align&quot;: &quot;&quot;,\n    &quot;hasLightbox&quot;: false,\n    &quot;caption&quot;: &quot;&quot;,\n    &quot;imgWidth&quot;: 0,\n    &quot;link&quot;: {\n        &quot;url&quot;: &quot;&quot;,\n        &quot;target&quot;: &quot;&quot;,\n        &quot;rel&quot;: &quot;&quot;\n    }\n}\" class=\"align-\">\n    \n<\/jgu-base-image><\/div>\n\n\n\n<div class=\"wp-block-column is-layout-flow wp-block-column-is-layout-flow\" style=\"flex-basis:66.66%\"><jgu-base-collapsiblearea class=\"is-layout-flow wp-block-jgu-collapsible-area-is-layout-flow\" react-props=\"{&quot;visibleLines&quot;:5,&quot;collapse&quot;:&quot;always&quot;,&quot;collapsedHeight&quot;:150,&quot;content&quot;:&quot;\\n\\n&lt;p class=\\&quot;has-big-font-size\\&quot;&gt;&lt;strong&gt;Biography&lt;\\\/strong&gt;&lt;\\\/p&gt;\\n\\n&quot;,&quot;className&quot;:&quot;alignwide &quot;}\"><\/jgu-base-collapsiblearea>\n\n\n<p class=\"has-big-font-size\">Dafina Gashi is a doctoral candidate in Cultural Studies\/European Ethnology at Johannes Gutenberg University Mainz under the supervision of Prof. Dr. \u010carna Brkovi\u0107. Her doctoral thesis focuses on global beauty practices, neoliberal subjectivity, and cosmetic surgery in post-independence Kosovo. Previously, she completed a master\u2019s degree in Anthropology and Visual Studies at the University of Siena, where she conducted ethnographic research on the bodies of migrant women in Italy. Her research interests include Visual Anthropology, Gender and Sexuality, and the Anthropology of the Body and Embodiment.   <\/p>\n\n\n\n<p class=\"has-big-font-size\"><strong><a href=\"https:\/\/kultur.ftmk.uni-mainz.de\/wp-content\/uploads\/sites\/573\/2025\/09\/Cv-Website-Dafina-Gashi-M.A.docx.pdf\" data-type=\"attachment\" data-id=\"12210\">Curriculum Vitae<\/a><\/strong><br><br><strong><a href=\"https:\/\/kultur.ftmk.uni-mainz.de\/wp-content\/uploads\/sites\/573\/2025\/09\/Publikationen-Website-Dafina-Gashi-M.pdf\" data-type=\"attachment\" data-id=\"12213\">Publications<\/a><\/strong><\/p>\n\n\n<jgu-base-accordion react-props=\"{&quot;selected&quot;:7,&quot;align&quot;:&quot;wide&quot;,&quot;hasAllOpenButton&quot;:true,&quot;onlyOne&quot;:false,&quot;initAllClosed&quot;:true,&quot;enableSearch&quot;:false}\">\n    \n<jgu-base-accordionitem react-props=\"{&quot;title&quot;:&quot;Research Focus Areas&quot;,&quot;init&quot;:false,&quot;slug&quot;:&quot;research-focus-areas&quot;,&quot;align&quot;:&quot;wide&quot;,&quot;customSlug&quot;:false}\">\n    \n\n<ul class=\"wp-block-list has-big-font-size\">\n<li>Visual anthropology<\/li>\n\n\n\n<li>Gender and sexuality<\/li>\n\n\n\n<li>Anthropology of the body and embodiment<\/li>\n<\/ul>\n\n\n\n<p class=\"has-big-font-size\"><\/p>\n\n\n<\/jgu-base-accordionitem>\n\n<jgu-base-accordionitem react-props=\"{&quot;title&quot;:&quot;Contact&quot;,&quot;init&quot;:false,&quot;slug&quot;:&quot;contact&quot;,&quot;align&quot;:&quot;wide&quot;,&quot;customSlug&quot;:false}\">\n    \n\n<p class=\"has-big-font-size\">BKM Building (Kantstra\u00dfe 2)<br>1st floor, Room 106<br>55122 Mainz<br><br>Email: <a href=\"mailto:gashidaf@uni-mainz.de\">gashidaf@uni-mainz.de<\/a><\/p>\n\n\n\n<p class=\"has-big-font-size\"><strong>Office hours<br><\/strong>by appointment via <a href=\"mailto:gashidaf@uni-mainz.de\">email<\/a><\/p>\n\n\n<\/jgu-base-accordionitem>\n\n<jgu-base-accordionitem react-props=\"{&quot;title&quot;:&quot;Current Teaching&quot;,&quot;init&quot;:false,&quot;slug&quot;:&quot;current-teaching&quot;,&quot;align&quot;:&quot;wide&quot;,&quot;customSlug&quot;:false}\">\n    \n\n<p class=\"has-big-font-size\"><\/p>\n\n\n\t<ol class=\"wp-block-list has-big-font-size\">\n\t\t\t\t\t<li>\n\t\t\t<a href=\"?event_id=395236338674442&amp;skip_groups=false\">\n\t\t\t\tS. Medialit\u00e4t und Visualit\u00e4t der Kultur: Multimodale Anthropologie\/Multimodal Anthropology<\/a><br>\n\t\t\t\tInstructor: Dafina Gashi\t\t\t\t\t\t<\/li>\n\t\t\t\t\t<li>\n\t\t\t<a href=\"?event_id=395858031615493&amp;skip_groups=false\">\n\t\t\t\tSLS. Begleitende Lekt\u00fcre<\/a><br>\n\t\t\t\tInstructor: Dafina Gashi; Marlene Sophie Hempel; Jun.-Prof. Dr. Mirko Uhlig; Eva-Maria Walther\t\t\t\t\t\t<\/li>\n\t\t\t\t\t<li>\n\t\t\t<a href=\"?event_id=395858031655490&amp;skip_groups=false\">\n\t\t\t\tSLS. Begleitende Lekt\u00fcre II<\/a><br>\n\t\t\t\tInstructor: Dafina Gashi; Marlene Sophie Hempel\t\t\t\t\t\t<\/li>\n\t\t\t\t\t<li>\n\t\t\t<a href=\"?event_id=395857950361419&amp;skip_groups=false\">\n\t\t\t\t\u00dc. Schl\u00fcsseltexte und Schl\u00fcsselbegriffe (Sommer)<\/a><br>\n\t\t\t\tInstructor: Dafina Gashi; Roman Olshevskiy; Alina Sotiieva\t\t\t\t\t\t<\/li>\n\t\t<\/ol>\n\t<hr>\n<p>\n\tSoSe 2026\t<\/p>\n\n\n\n<\/jgu-base-accordionitem>\n\n<\/jgu-base-accordion>\n<\/div>\n<\/div>\n<\/div><\/div>\n<\/jgu-base-section>    <div style=\"display: none\">\n        \n    <\/div>","protected":false},"excerpt":{"rendered":"","protected":false},"author":1272,"featured_media":0,"parent":0,"menu_order":0,"comment_status":"closed","ping_status":"closed","template":"","meta":{"footnotes":""},"categories":[],"tags":[],"class_list":["post-13507","page","type-page","status-publish","hentry"],"content_raw":"<!-- wp:jgu\/section {\"color\":\"dark\"} -->\n<div class=\"jgu-bgsection bg bg-dark \"><div class=\"content padding-medium\"><!-- wp:jgu\/heading {\"index\":\"Research Associate | BA Academic Adviser\",\"color\":\"default\",\"tags\":{\"htmlTag\":\"h2\",\"classTag\":\"\",\"tag\":\"h2\"},\"heading\":\"Dafina Gashi, M.A.\"} \/-->\n\n<!-- wp:columns {\"className\":\"\"} -->\n<div class=\"wp-block-columns\"><!-- wp:column {\"width\":\"33.33%\"} -->\n<div class=\"wp-block-column\" style=\"flex-basis:33.33%\"><!-- wp:jgu\/image {\"image\":{\"url\":null,\"id\":9639}} \/--><\/div>\n<!-- \/wp:column -->\n\n<!-- wp:column {\"width\":\"66.66%\"} -->\n<div class=\"wp-block-column\" style=\"flex-basis:66.66%\"><!-- wp:jgu\/collapsible-area -->\n<!-- wp:paragraph -->\n<p class=\"has-big-font-size\"><strong>Biography<\/strong><\/p>\n<!-- \/wp:paragraph -->\n<!-- \/wp:jgu\/collapsible-area -->\n\n<!-- wp:paragraph -->\n<p class=\"has-big-font-size\">Dafina Gashi is a doctoral candidate in Cultural Studies\/European Ethnology at Johannes Gutenberg University Mainz under the supervision of Prof. Dr. \u010carna Brkovi\u0107. Her doctoral thesis focuses on global beauty practices, neoliberal subjectivity, and cosmetic surgery in post-independence Kosovo. Previously, she completed a master\u2019s degree in Anthropology and Visual Studies at the University of Siena, where she conducted ethnographic research on the bodies of migrant women in Italy. Her research interests include Visual Anthropology, Gender and Sexuality, and the Anthropology of the Body and Embodiment.   <\/p>\n<!-- \/wp:paragraph -->\n\n<!-- wp:paragraph -->\n<p class=\"has-big-font-size\"><strong><a href=\"https:\/\/cms.zdv.uni-mainz.de\/fb05-iftek-kultur\/wp-content\/uploads\/sites\/573\/2025\/09\/Cv-Website-Dafina-Gashi-M.A.docx.pdf\" data-type=\"attachment\" data-id=\"12210\">Curriculum Vitae<\/a><\/strong><br><br><strong><a href=\"https:\/\/cms.zdv.uni-mainz.de\/fb05-iftek-kultur\/wp-content\/uploads\/sites\/573\/2025\/09\/Publikationen-Website-Dafina-Gashi-M.pdf\" data-type=\"attachment\" data-id=\"12213\">Publications<\/a><\/strong><\/p>\n<!-- \/wp:paragraph -->\n\n<!-- wp:jgu\/accordion {\"selected\":7} -->\n<!-- wp:jgu\/accordion-item {\"title\":\"Research Focus Areas\",\"init\":false,\"slug\":\"research-focus-areas\"} -->\n<!-- wp:list {\"fontSize\":\"big\"} -->\n<ul class=\"wp-block-list has-big-font-size\"><!-- wp:list-item -->\n<li>Visual anthropology<\/li>\n<!-- \/wp:list-item -->\n\n<!-- wp:list-item -->\n<li>Gender and sexuality<\/li>\n<!-- \/wp:list-item -->\n\n<!-- wp:list-item -->\n<li>Anthropology of the body and embodiment<\/li>\n<!-- \/wp:list-item --><\/ul>\n<!-- \/wp:list -->\n\n<!-- wp:paragraph -->\n<p class=\"has-big-font-size\"><\/p>\n<!-- \/wp:paragraph -->\n<!-- \/wp:jgu\/accordion-item -->\n\n<!-- wp:jgu\/accordion-item {\"title\":\"Contact\",\"init\":false,\"slug\":\"contact\"} -->\n<!-- wp:paragraph -->\n<p class=\"has-big-font-size\">BKM Building (Kantstra\u00dfe 2)<br>1st floor, Room 106<br>55122 Mainz<br><br>Email: <a href=\"mailto:gashidaf@uni-mainz.de\">gashidaf@uni-mainz.de<\/a><\/p>\n<!-- \/wp:paragraph -->\n\n<!-- wp:paragraph -->\n<p class=\"has-big-font-size\"><strong>Office hours<br><\/strong>by appointment via <a href=\"mailto:gashidaf@uni-mainz.de\">email<\/a><\/p>\n<!-- \/wp:paragraph -->\n<!-- \/wp:jgu\/accordion-item -->\n\n<!-- wp:jgu\/accordion-item {\"title\":\"Current Teaching\",\"init\":false,\"slug\":\"current-teaching\"} -->\n<!-- wp:paragraph -->\n<p class=\"has-big-font-size\"><\/p>\n<!-- \/wp:paragraph -->\n\n<!-- wp:jgu\/jogustine {\"instructor\":\"Dafina Gashi\"} \/-->\n<!-- \/wp:jgu\/accordion-item -->\n<!-- \/wp:jgu\/accordion --><\/div>\n<!-- \/wp:column --><\/div>\n<!-- \/wp:columns --><\/div><\/div>\n<!-- \/wp:jgu\/section -->","_links":{"self":[{"href":"https:\/\/kultur.ftmk.uni-mainz.de\/en\/wp-json\/wp\/v2\/pages\/13507","targetHints":{"allow":["GET"]}}],"collection":[{"href":"https:\/\/kultur.ftmk.uni-mainz.de\/en\/wp-json\/wp\/v2\/pages"}],"about":[{"href":"https:\/\/kultur.ftmk.uni-mainz.de\/en\/wp-json\/wp\/v2\/types\/page"}],"author":[{"embeddable":true,"href":"https:\/\/kultur.ftmk.uni-mainz.de\/en\/wp-json\/wp\/v2\/users\/1272"}],"replies":[{"embeddable":true,"href":"https:\/\/kultur.ftmk.uni-mainz.de\/en\/wp-json\/wp\/v2\/comments?post=13507"}],"version-history":[{"count":7,"href":"https:\/\/kultur.ftmk.uni-mainz.de\/en\/wp-json\/wp\/v2\/pages\/13507\/revisions"}],"predecessor-version":[{"id":15555,"href":"https:\/\/kultur.ftmk.uni-mainz.de\/en\/wp-json\/wp\/v2\/pages\/13507\/revisions\/15555"}],"wp:attachment":[{"href":"https:\/\/kultur.ftmk.uni-mainz.de\/en\/wp-json\/wp\/v2\/media?parent=13507"}],"wp:term":[{"taxonomy":"category","embeddable":true,"href":"https:\/\/kultur.ftmk.uni-mainz.de\/en\/wp-json\/wp\/v2\/categories?post=13507"},{"taxonomy":"post_tag","embeddable":true,"href":"https:\/\/kultur.ftmk.uni-mainz.de\/en\/wp-json\/wp\/v2\/tags?post=13507"}],"curies":[{"name":"wp","href":"https:\/\/api.w.org\/{rel}","templated":true}]}}