{"id":13516,"date":"2025-01-24T19:42:03","date_gmt":"2025-01-24T18:42:03","guid":{"rendered":"https:\/\/kultur.ftmk.uni-mainz.de\/?page_id=13516"},"modified":"2026-04-21T12:04:21","modified_gmt":"2026-04-21T10:04:21","slug":"olshevskiy","status":"publish","type":"page","link":"https:\/\/kultur.ftmk.uni-mainz.de\/en\/olshevskiy\/","title":{"rendered":"Roman Olshevskiy, M.A."},"content":{"rendered":"<jgu-base-section react-props=\"{&quot;color&quot;:&quot;dark&quot;,&quot;align&quot;:&quot;wide&quot;,&quot;padding&quot;:&quot;medium&quot;}\">\n<div class=\"jgu-bgsection bg bg-dark \"><div class=\"content padding-medium\"><jgu-base-heading react-props=\"{\n    &quot;index&quot;: &quot;Research Associate | BA Academic Adviser&quot;,\n    &quot;color&quot;: &quot;default&quot;,\n    &quot;tags&quot;: {\n        &quot;htmlTag&quot;: &quot;h2&quot;,\n        &quot;classTag&quot;: &quot;&quot;,\n        &quot;tag&quot;: &quot;h2&quot;\n    },\n    &quot;heading&quot;: &quot;Roman Olshevskiy, M.A.&quot;,\n    &quot;textAlign&quot;: &quot;left&quot;,\n    &quot;anchor&quot;: &quot;&quot;\n}\"><\/jgu-base-heading>\n\n\n\n<div class=\"wp-block-columns is-layout-flex wp-container-core-columns-is-layout-9d6595d7 wp-block-columns-is-layout-flex\">\n<div class=\"wp-block-column is-layout-flow wp-block-column-is-layout-flow\" style=\"flex-basis:33.33%\"><jgu-base-image react-props=\"{\n    &quot;image&quot;: {\n        &quot;url&quot;: &quot;https:\\\/\\\/cms.zdv.uni-mainz.de\\\/fb05-iftek-kultur\\\/wp-content\\\/uploads\\\/sites\\\/573\\\/2025\\\/01\\\/Roman.png&quot;,\n        &quot;id&quot;: 9636,\n        &quot;title&quot;: &quot;Roman&quot;,\n        &quot;width&quot;: 700,\n        &quot;height&quot;: 796,\n        &quot;srcset&quot;: &quot;https:\\\/\\\/cms.zdv.uni-mainz.de\\\/fb05-iftek-kultur\\\/wp-content\\\/uploads\\\/sites\\\/573\\\/2025\\\/01\\\/Roman.png 700w, https:\\\/\\\/cms.zdv.uni-mainz.de\\\/fb05-iftek-kultur\\\/wp-content\\\/uploads\\\/sites\\\/573\\\/2025\\\/01\\\/Roman-264x300.png 264w&quot;\n    },\n    &quot;align&quot;: &quot;&quot;,\n    &quot;hasLightbox&quot;: false,\n    &quot;caption&quot;: &quot;&quot;,\n    &quot;imgWidth&quot;: 0,\n    &quot;link&quot;: {\n        &quot;url&quot;: &quot;&quot;,\n        &quot;target&quot;: &quot;&quot;,\n        &quot;rel&quot;: &quot;&quot;\n    }\n}\" class=\"align-\">\n    \n<\/jgu-base-image><\/div>\n\n\n\n<div class=\"wp-block-column is-layout-flow wp-block-column-is-layout-flow\" style=\"flex-basis:66.66%\">\n<p class=\"has-big-font-size\"><strong><a href=\"https:\/\/kultur.ftmk.uni-mainz.de\/wp-content\/uploads\/sites\/573\/2025\/09\/Roman-Olshevskiy-CV.pdf\" data-type=\"attachment\" data-id=\"12252\">Curriculum Vitae<\/a><\/strong><\/p>\n\n\n<jgu-base-accordion react-props=\"{&quot;selected&quot;:7,&quot;align&quot;:&quot;wide&quot;,&quot;hasAllOpenButton&quot;:true,&quot;onlyOne&quot;:false,&quot;initAllClosed&quot;:true,&quot;enableSearch&quot;:false}\">\n    \n<jgu-base-accordionitem react-props=\"{&quot;title&quot;:&quot;Research Focus Areas&quot;,&quot;init&quot;:false,&quot;slug&quot;:&quot;research-focus-areas&quot;,&quot;align&quot;:&quot;wide&quot;,&quot;customSlug&quot;:false}\">\n    \n\n<ul class=\"wp-block-list has-big-font-size\">\n<li>Political anthropology<\/li>\n\n\n\n<li>Populism research<\/li>\n\n\n\n<li>Gender studies<\/li>\n\n\n\n<li>Business cycle analysis<\/li>\n\n\n\n<li>Migration studies<\/li>\n<\/ul>\n\n\n\n<p class=\"has-big-font-size\"><\/p>\n\n\n<\/jgu-base-accordionitem>\n\n<jgu-base-accordionitem react-props=\"{&quot;title&quot;:&quot;Research Projects&quot;,&quot;init&quot;:false,&quot;slug&quot;:&quot;research-projects&quot;,&quot;align&quot;:&quot;wide&quot;,&quot;customSlug&quot;:false}\">\n    \n\n<p class=\"has-big-font-size\">Doctorate project: &#8220;Politicized Masculinity: Self-Improvement Lifestyles and Political Imagination among European Young Men&#8221; (provisional title)<\/p>\n\n\n<\/jgu-base-accordionitem>\n\n<jgu-base-accordionitem react-props=\"{&quot;title&quot;:&quot;Contact&quot;,&quot;init&quot;:false,&quot;slug&quot;:&quot;contact&quot;,&quot;align&quot;:&quot;wide&quot;,&quot;customSlug&quot;:false}\">\n    \n\n<p class=\"has-big-font-size\">BKM Building (Kantstra\u00dfe 2)<br>1st floor, Room 106<br>55122 Mainz<br><br>Tel.: +49 6131 39-30625<br>E-mail: <a href=\"mailto:rolshevs@uni-mainz.de\">rolshevs@uni-mainz.de<\/a><\/p>\n\n\n\n<p class=\"has-big-font-size\"><strong>Office hours<br><\/strong>by appointment via <a href=\"mailto:rolshevs@uni-mainz.de\">email<\/a><\/p>\n\n\n<\/jgu-base-accordionitem>\n\n<jgu-base-accordionitem react-props=\"{&quot;title&quot;:&quot;Current Teaching&quot;,&quot;init&quot;:false,&quot;slug&quot;:&quot;current-teaching&quot;,&quot;align&quot;:&quot;wide&quot;,&quot;customSlug&quot;:false}\">\n    \n\n<p class=\"has-big-font-size\"><\/p>\n\n\n\t<ol class=\"wp-block-list has-big-font-size\">\n\t\t\t\t\t<li>\n\t\t\t<a href=\"?event_id=395857950361419&amp;skip_groups=false\">\n\t\t\t\t\u00dc. Schl\u00fcsseltexte und Schl\u00fcsselbegriffe (Sommer)<\/a><br>\n\t\t\t\tInstructor: Dafina Gashi; Roman Olshevskiy; Alina Sotiieva\t\t\t\t\t\t<\/li>\n\t\t<\/ol>\n\t<hr>\n<p>\n\tSoSe 2026\t<\/p>\n\n\n\n<\/jgu-base-accordionitem>\n\n<\/jgu-base-accordion>\n<\/div>\n<\/div>\n<\/div><\/div>\n<\/jgu-base-section>    <div style=\"display: none\">\n        \n    <\/div>","protected":false},"excerpt":{"rendered":"","protected":false},"author":1272,"featured_media":0,"parent":0,"menu_order":0,"comment_status":"closed","ping_status":"closed","template":"","meta":{"footnotes":""},"categories":[],"tags":[],"class_list":["post-13516","page","type-page","status-publish","hentry"],"content_raw":"<!-- wp:jgu\/section {\"color\":\"dark\"} -->\n<div class=\"jgu-bgsection bg bg-dark \"><div class=\"content padding-medium\"><!-- wp:jgu\/heading {\"index\":\"Research Associate | BA Academic Adviser\",\"color\":\"default\",\"tags\":{\"htmlTag\":\"h2\",\"classTag\":\"\",\"tag\":\"h2\"},\"heading\":\"Roman Olshevskiy, M.A.\"} \/-->\n\n<!-- wp:columns {\"className\":\"\"} -->\n<div class=\"wp-block-columns\"><!-- wp:column {\"width\":\"33.33%\"} -->\n<div class=\"wp-block-column\" style=\"flex-basis:33.33%\"><!-- wp:jgu\/image {\"image\":{\"url\":null,\"id\":9636}} \/--><\/div>\n<!-- \/wp:column -->\n\n<!-- wp:column {\"width\":\"66.66%\"} -->\n<div class=\"wp-block-column\" style=\"flex-basis:66.66%\"><!-- wp:paragraph -->\n<p class=\"has-big-font-size\"><strong><a href=\"https:\/\/cms.zdv.uni-mainz.de\/fb05-iftek-kultur\/wp-content\/uploads\/sites\/573\/2025\/09\/Roman-Olshevskiy-CV.pdf\" data-type=\"attachment\" data-id=\"12252\">Curriculum Vitae<\/a><\/strong><\/p>\n<!-- \/wp:paragraph -->\n\n<!-- wp:jgu\/accordion {\"selected\":7} -->\n<!-- wp:jgu\/accordion-item {\"title\":\"Research Focus Areas\",\"init\":false,\"slug\":\"research-focus-areas\"} -->\n<!-- wp:list {\"fontSize\":\"big\"} -->\n<ul class=\"wp-block-list has-big-font-size\"><!-- wp:list-item -->\n<li>Political anthropology<\/li>\n<!-- \/wp:list-item -->\n\n<!-- wp:list-item -->\n<li>Populism research<\/li>\n<!-- \/wp:list-item -->\n\n<!-- wp:list-item -->\n<li>Gender studies<\/li>\n<!-- \/wp:list-item -->\n\n<!-- wp:list-item -->\n<li>Business cycle analysis<\/li>\n<!-- \/wp:list-item -->\n\n<!-- wp:list-item -->\n<li>Migration studies<\/li>\n<!-- \/wp:list-item --><\/ul>\n<!-- \/wp:list -->\n\n<!-- wp:paragraph -->\n<p class=\"has-big-font-size\"><\/p>\n<!-- \/wp:paragraph -->\n<!-- \/wp:jgu\/accordion-item -->\n\n<!-- wp:jgu\/accordion-item {\"title\":\"Research Projects\",\"init\":false,\"slug\":\"research-projects\"} -->\n<!-- wp:paragraph -->\n<p class=\"has-big-font-size\">Doctorate project: \"Politicized Masculinity: Self-Improvement Lifestyles and Political Imagination among European Young Men\" (provisional title)<\/p>\n<!-- \/wp:paragraph -->\n<!-- \/wp:jgu\/accordion-item -->\n\n<!-- wp:jgu\/accordion-item {\"title\":\"Contact\",\"init\":false,\"slug\":\"contact\"} -->\n<!-- wp:paragraph -->\n<p class=\"has-big-font-size\">BKM Building (Kantstra\u00dfe 2)<br>1st floor, Room 106<br>55122 Mainz<br><br>Tel.: +49 6131 39-30625<br>E-mail: <a href=\"mailto:rolshevs@uni-mainz.de\">rolshevs@uni-mainz.de<\/a><\/p>\n<!-- \/wp:paragraph -->\n\n<!-- wp:paragraph -->\n<p class=\"has-big-font-size\"><strong>Office hours<br><\/strong>by appointment via <a href=\"mailto:rolshevs@uni-mainz.de\">email<\/a><\/p>\n<!-- \/wp:paragraph -->\n<!-- \/wp:jgu\/accordion-item -->\n\n<!-- wp:jgu\/accordion-item {\"title\":\"Current Teaching\",\"init\":false,\"slug\":\"current-teaching\"} -->\n<!-- wp:paragraph -->\n<p class=\"has-big-font-size\"><\/p>\n<!-- \/wp:paragraph -->\n\n<!-- wp:jgu\/jogustine {\"instructor\":\"Roman Olshevskiy\"} \/-->\n<!-- \/wp:jgu\/accordion-item -->\n<!-- \/wp:jgu\/accordion --><\/div>\n<!-- \/wp:column --><\/div>\n<!-- \/wp:columns --><\/div><\/div>\n<!-- \/wp:jgu\/section -->","_links":{"self":[{"href":"https:\/\/kultur.ftmk.uni-mainz.de\/en\/wp-json\/wp\/v2\/pages\/13516","targetHints":{"allow":["GET"]}}],"collection":[{"href":"https:\/\/kultur.ftmk.uni-mainz.de\/en\/wp-json\/wp\/v2\/pages"}],"about":[{"href":"https:\/\/kultur.ftmk.uni-mainz.de\/en\/wp-json\/wp\/v2\/types\/page"}],"author":[{"embeddable":true,"href":"https:\/\/kultur.ftmk.uni-mainz.de\/en\/wp-json\/wp\/v2\/users\/1272"}],"replies":[{"embeddable":true,"href":"https:\/\/kultur.ftmk.uni-mainz.de\/en\/wp-json\/wp\/v2\/comments?post=13516"}],"version-history":[{"count":6,"href":"https:\/\/kultur.ftmk.uni-mainz.de\/en\/wp-json\/wp\/v2\/pages\/13516\/revisions"}],"predecessor-version":[{"id":15558,"href":"https:\/\/kultur.ftmk.uni-mainz.de\/en\/wp-json\/wp\/v2\/pages\/13516\/revisions\/15558"}],"wp:attachment":[{"href":"https:\/\/kultur.ftmk.uni-mainz.de\/en\/wp-json\/wp\/v2\/media?parent=13516"}],"wp:term":[{"taxonomy":"category","embeddable":true,"href":"https:\/\/kultur.ftmk.uni-mainz.de\/en\/wp-json\/wp\/v2\/categories?post=13516"},{"taxonomy":"post_tag","embeddable":true,"href":"https:\/\/kultur.ftmk.uni-mainz.de\/en\/wp-json\/wp\/v2\/tags?post=13516"}],"curies":[{"name":"wp","href":"https:\/\/api.w.org\/{rel}","templated":true}]}}