{"id":13708,"date":"2025-01-24T19:35:32","date_gmt":"2025-01-24T18:35:32","guid":{"rendered":"https:\/\/kultur.ftmk.uni-mainz.de\/?page_id=13708"},"modified":"2026-04-08T14:03:01","modified_gmt":"2026-04-08T12:03:01","slug":"cergic","status":"publish","type":"page","link":"https:\/\/kultur.ftmk.uni-mainz.de\/en\/cergic\/","title":{"rendered":"Dr. Milana \u010cergi\u0107"},"content":{"rendered":"<jgu-base-section react-props=\"{&quot;color&quot;:&quot;dark&quot;,&quot;align&quot;:&quot;wide&quot;,&quot;padding&quot;:&quot;medium&quot;}\">\n<div class=\"jgu-bgsection bg bg-dark \"><div class=\"content padding-medium\"><jgu-base-heading react-props=\"{\n    &quot;index&quot;: &quot;Research Associate&quot;,\n    &quot;color&quot;: &quot;default&quot;,\n    &quot;tags&quot;: {\n        &quot;htmlTag&quot;: &quot;h2&quot;,\n        &quot;classTag&quot;: &quot;&quot;,\n        &quot;tag&quot;: &quot;h2&quot;\n    },\n    &quot;heading&quot;: &quot;Dr. Milana \\u010cergi\\u0107&quot;,\n    &quot;textAlign&quot;: &quot;left&quot;,\n    &quot;anchor&quot;: &quot;&quot;\n}\"><\/jgu-base-heading>\n\n\n\n<div class=\"wp-block-columns is-layout-flex wp-container-core-columns-is-layout-9d6595d7 wp-block-columns-is-layout-flex\">\n<div class=\"wp-block-column is-layout-flow wp-block-column-is-layout-flow\" style=\"flex-basis:33.33%\"><jgu-base-image react-props=\"{\n    &quot;image&quot;: {\n        &quot;url&quot;: &quot;https:\\\/\\\/cms.zdv.uni-mainz.de\\\/fb05-iftek-kultur\\\/wp-content\\\/uploads\\\/sites\\\/573\\\/2025\\\/08\\\/Screenshot-2025-08-18-at-12.56.57.png&quot;,\n        &quot;id&quot;: 11633,\n        &quot;title&quot;: &quot;Screenshot 2025-08-18 at 12.56.57&quot;,\n        &quot;width&quot;: 1372,\n        &quot;height&quot;: 1638,\n        &quot;srcset&quot;: &quot;https:\\\/\\\/cms.zdv.uni-mainz.de\\\/fb05-iftek-kultur\\\/wp-content\\\/uploads\\\/sites\\\/573\\\/2025\\\/08\\\/Screenshot-2025-08-18-at-12.56.57.png 1372w, https:\\\/\\\/cms.zdv.uni-mainz.de\\\/fb05-iftek-kultur\\\/wp-content\\\/uploads\\\/sites\\\/573\\\/2025\\\/08\\\/Screenshot-2025-08-18-at-12.56.57-251x300.png 251w, https:\\\/\\\/cms.zdv.uni-mainz.de\\\/fb05-iftek-kultur\\\/wp-content\\\/uploads\\\/sites\\\/573\\\/2025\\\/08\\\/Screenshot-2025-08-18-at-12.56.57-858x1024.png 858w, https:\\\/\\\/cms.zdv.uni-mainz.de\\\/fb05-iftek-kultur\\\/wp-content\\\/uploads\\\/sites\\\/573\\\/2025\\\/08\\\/Screenshot-2025-08-18-at-12.56.57-768x917.png 768w, https:\\\/\\\/cms.zdv.uni-mainz.de\\\/fb05-iftek-kultur\\\/wp-content\\\/uploads\\\/sites\\\/573\\\/2025\\\/08\\\/Screenshot-2025-08-18-at-12.56.57-1287x1536.png 1287w&quot;\n    },\n    &quot;align&quot;: &quot;&quot;,\n    &quot;hasLightbox&quot;: false,\n    &quot;caption&quot;: &quot;&quot;,\n    &quot;imgWidth&quot;: 0,\n    &quot;link&quot;: {\n        &quot;url&quot;: &quot;&quot;,\n        &quot;target&quot;: &quot;&quot;,\n        &quot;rel&quot;: &quot;&quot;\n    }\n}\" class=\"align-\">\n    \n<\/jgu-base-image><\/div>\n\n\n\n<div class=\"wp-block-column is-layout-flow wp-block-column-is-layout-flow\" style=\"flex-basis:66.66%\"><jgu-base-collapsiblearea class=\"is-layout-flow wp-block-jgu-collapsible-area-is-layout-flow\" react-props=\"{&quot;visibleLines&quot;:5,&quot;collapse&quot;:&quot;always&quot;,&quot;collapsedHeight&quot;:150,&quot;content&quot;:&quot;\\n\\n&lt;p class=\\&quot;has-big-font-size\\&quot;&gt;&lt;strong&gt;Biography&lt;\\\/strong&gt;&lt;\\\/p&gt;\\n\\n\\n\\n&lt;p class=\\&quot;has-big-font-size\\&quot;&gt;Before her doctorate, Milana \\u010cergi\\u0107 studied Cultural Anthropology and Social Anthropology in Vienna and Paris. During her doctorate at the Max Planck Institute for Ethnological Research in Halle and at the \\u00c9cole des Hautes \\u00c9tudes en Sciences Sociales in Paris, she researched the economic and social changes in a post-socialist Bosnian city through the lens of a local supermarket chain. She received her doctorate in 2022. Milana&#039;s research interests focus on the changing nature of work, forms of exploitation, and the creation of various forms of social security in the Balkans. As a reseacher in Cultural Studies\\\/European Ethnology at the Johannes Gutenberg-University in Mainz, she is a member of the ReDigIm project (Redistribution Imaginaries in the Digital Age) and is researching ideas about redistribution in Montenegro.    &lt;\\\/p&gt;\\n\\n&quot;,&quot;className&quot;:&quot;alignwide &quot;}\"><\/jgu-base-collapsiblearea>\n\n\n<p class=\"has-big-font-size\"><strong><a href=\"https:\/\/kultur.ftmk.uni-mainz.de\/files\/2023\/05\/JGU-CV-Milana-Cergic.pdf\" data-type=\"link\" data-id=\"https:\/\/kultur.ftmk.uni-mainz.de\/files\/2023\/05\/JGU-CV-Milana-Cergic.pdf\">Curriculum Vitae<\/a><\/strong><br><br><strong><a href=\"https:\/\/kultur.ftmk.uni-mainz.de\/wp-content\/uploads\/sites\/573\/2025\/08\/Milana-Cergic-Publikationen.pdf\" data-type=\"attachment\" data-id=\"11639\">Publications<\/a><\/strong><\/p>\n\n\n<jgu-base-accordion react-props=\"{&quot;selected&quot;:7,&quot;align&quot;:&quot;wide&quot;,&quot;hasAllOpenButton&quot;:true,&quot;onlyOne&quot;:false,&quot;initAllClosed&quot;:true,&quot;enableSearch&quot;:false}\">\n    \n<jgu-base-accordionitem react-props=\"{&quot;title&quot;:&quot;Research Focus Areas&quot;,&quot;init&quot;:false,&quot;slug&quot;:&quot;research-focus-areas&quot;,&quot;align&quot;:&quot;wide&quot;,&quot;customSlug&quot;:false}\">\n    \n\n<ul class=\"wp-block-list has-big-font-size\">\n<li>Southeast Europe and the Balkans<\/li>\n\n\n\n<li>Socialism and post-socialist transformations<\/li>\n\n\n\n<li>Economic transformations<\/li>\n\n\n\n<li>Gender and work<\/li>\n\n\n\n<li>Solidarity and social support<\/li>\n<\/ul>\n\n\n\n<p class=\"has-big-font-size\"><\/p>\n\n\n<\/jgu-base-accordionitem>\n\n<jgu-base-accordionitem react-props=\"{&quot;title&quot;:&quot;Research Projects&quot;,&quot;init&quot;:false,&quot;slug&quot;:&quot;research-projects&quot;,&quot;align&quot;:&quot;wide&quot;,&quot;customSlug&quot;:false}\">\n    \n\n<p class=\"has-big-font-size\"><a href=\"https:\/\/kultur.ftmk.uni-mainz.de\/en\/?page_id=13525\" data-type=\"page\" data-id=\"11325\">ReDigIm: Redistributive Imaginaries: Digitalisation, culture, and prosocial contribution<\/a><\/p>\n\n\n<\/jgu-base-accordionitem>\n\n<jgu-base-accordionitem react-props=\"{&quot;title&quot;:&quot;Contact&quot;,&quot;init&quot;:false,&quot;slug&quot;:&quot;contact&quot;,&quot;align&quot;:&quot;wide&quot;,&quot;customSlug&quot;:false}\">\n    \n\n<p class=\"has-big-font-size\">Jakob-Welder-Weg 20<br>55128 Mainz<br>Philosophicum II (New Building), 2nd floor<br>Room 02.309<br><br>Tel.: +49 6131 39-27824<br>E-mail: <a href=\"mailto:cergic@uni-mainz.de\">cergic@uni-mainz.de<\/a><\/p>\n\n\n\n<p class=\"has-big-font-size\"><strong>Office hours<br><\/strong>by appointment via <a href=\"mailto:cergic@uni-mainz.de\">email<\/a><\/p>\n\n\n<\/jgu-base-accordionitem>\n\n<jgu-base-accordionitem react-props=\"{&quot;title&quot;:&quot;Current Teaching&quot;,&quot;init&quot;:false,&quot;slug&quot;:&quot;current-teaching&quot;,&quot;align&quot;:&quot;wide&quot;,&quot;customSlug&quot;:false}\">\n    \n\t<ol class=\"wp-block-list has-big-font-size\">\n\t\t\t\t\t<li>\n\t\t\t<a href=\"?event_id=395858604360807&amp;skip_groups=false\">\n\t\t\t\tMA HS. Semantiken und Gegennarrative kulturanthropologischer Forschung: Feministische Anthropologie<\/a><br>\n\t\t\t\tInstructor: Dr. Milana Cergic\t\t\t\t\t\t<\/li>\n\t\t\t\t\t<li>\n\t\t\t<a href=\"?event_id=395858604482817&amp;skip_groups=false\">\n\t\t\t\tMA \u00dc. Ethnographische Repr\u00e4sentation und Forschungsethik: Reflexionen \u00fcber die Darstellungen vom Selbst und vom Anderen in der kulturanthropologischen Forschung<\/a><br>\n\t\t\t\tInstructor: Dr. Milana Cergic\t\t\t\t\t\t<\/li>\n\t\t<\/ol>\n\t<hr>\n<p>\n\tSoSe 2026\t<\/p>\n\n\n\n\n<p class=\"has-big-font-size\"><\/p>\n\n\n<\/jgu-base-accordionitem>\n\n<\/jgu-base-accordion>\n<\/div>\n<\/div>\n<\/div><\/div>\n<\/jgu-base-section>    <div style=\"display: none\">\n        \n    <\/div>","protected":false},"excerpt":{"rendered":"","protected":false},"author":1272,"featured_media":0,"parent":0,"menu_order":0,"comment_status":"closed","ping_status":"closed","template":"","meta":{"footnotes":""},"categories":[],"tags":[],"class_list":["post-13708","page","type-page","status-publish","hentry"],"content_raw":"<!-- wp:jgu\/section {\"color\":\"dark\"} -->\n<div class=\"jgu-bgsection bg bg-dark \"><div class=\"content padding-medium\"><!-- wp:jgu\/heading {\"index\":\"Research Associate\",\"color\":\"default\",\"tags\":{\"htmlTag\":\"h2\",\"classTag\":\"\",\"tag\":\"h2\"},\"heading\":\"Dr. Milana \u010cergi\u0107\"} \/-->\n\n<!-- wp:columns {\"className\":\"\"} -->\n<div class=\"wp-block-columns\"><!-- wp:column {\"width\":\"33.33%\"} -->\n<div class=\"wp-block-column\" style=\"flex-basis:33.33%\"><!-- wp:jgu\/image {\"image\":{\"url\":null,\"id\":11633}} \/--><\/div>\n<!-- \/wp:column -->\n\n<!-- wp:column {\"width\":\"66.66%\"} -->\n<div class=\"wp-block-column\" style=\"flex-basis:66.66%\"><!-- wp:jgu\/collapsible-area -->\n<!-- wp:paragraph -->\n<p class=\"has-big-font-size\"><strong>Biography<\/strong><\/p>\n<!-- \/wp:paragraph -->\n\n<!-- wp:paragraph -->\n<p class=\"has-big-font-size\">Before her doctorate, Milana \u010cergi\u0107 studied Cultural Anthropology and Social Anthropology in Vienna and Paris. During her doctorate at the Max Planck Institute for Ethnological Research in Halle and at the \u00c9cole des Hautes \u00c9tudes en Sciences Sociales in Paris, she researched the economic and social changes in a post-socialist Bosnian city through the lens of a local supermarket chain. She received her doctorate in 2022. Milana's research interests focus on the changing nature of work, forms of exploitation, and the creation of various forms of social security in the Balkans. As a reseacher in Cultural Studies\/European Ethnology at the Johannes Gutenberg-University in Mainz, she is a member of the ReDigIm project (Redistribution Imaginaries in the Digital Age) and is researching ideas about redistribution in Montenegro.    <\/p>\n<!-- \/wp:paragraph -->\n<!-- \/wp:jgu\/collapsible-area -->\n\n<!-- wp:paragraph -->\n<p class=\"has-big-font-size\"><strong><a href=\"https:\/\/kultur.ftmk.uni-mainz.de\/files\/2023\/05\/JGU-CV-Milana-Cergic.pdf\" data-type=\"link\" data-id=\"https:\/\/kultur.ftmk.uni-mainz.de\/files\/2023\/05\/JGU-CV-Milana-Cergic.pdf\">Curriculum Vitae<\/a><\/strong><br><br><strong><a href=\"https:\/\/cms.zdv.uni-mainz.de\/fb05-iftek-kultur\/wp-content\/uploads\/sites\/573\/2025\/08\/Milana-Cergic-Publikationen.pdf\" data-type=\"attachment\" data-id=\"11639\">Publications<\/a><\/strong><\/p>\n<!-- \/wp:paragraph -->\n\n<!-- wp:jgu\/accordion {\"selected\":7} -->\n<!-- wp:jgu\/accordion-item {\"title\":\"Research Focus Areas\",\"init\":false,\"slug\":\"research-focus-areas\"} -->\n<!-- wp:list {\"fontSize\":\"big\"} -->\n<ul class=\"wp-block-list has-big-font-size\"><!-- wp:list-item -->\n<li>Southeast Europe and the Balkans<\/li>\n<!-- \/wp:list-item -->\n\n<!-- wp:list-item -->\n<li>Socialism and post-socialist transformations<\/li>\n<!-- \/wp:list-item -->\n\n<!-- wp:list-item -->\n<li>Economic transformations<\/li>\n<!-- \/wp:list-item -->\n\n<!-- wp:list-item -->\n<li>Gender and work<\/li>\n<!-- \/wp:list-item -->\n\n<!-- wp:list-item -->\n<li>Solidarity and social support<\/li>\n<!-- \/wp:list-item --><\/ul>\n<!-- \/wp:list -->\n\n<!-- wp:paragraph -->\n<p class=\"has-big-font-size\"><\/p>\n<!-- \/wp:paragraph -->\n<!-- \/wp:jgu\/accordion-item -->\n\n<!-- wp:jgu\/accordion-item {\"title\":\"Research Projects\",\"init\":false,\"slug\":\"research-projects\"} -->\n<!-- wp:paragraph -->\n<p class=\"has-big-font-size\"><a href=\"https:\/\/kultur.ftmk.uni-mainz.de\/en\/?page_id=13525\" data-type=\"page\" data-id=\"11325\">ReDigIm: Redistributive Imaginaries: Digitalisation, culture, and prosocial contribution<\/a><\/p>\n<!-- \/wp:paragraph -->\n<!-- \/wp:jgu\/accordion-item -->\n\n<!-- wp:jgu\/accordion-item {\"title\":\"Contact\",\"init\":false,\"slug\":\"contact\"} -->\n<!-- wp:paragraph -->\n<p class=\"has-big-font-size\">Jakob-Welder-Weg 20<br>55128 Mainz<br>Philosophicum II (New Building), 2nd floor<br>Room 02.309<br><br>Tel.: +49 6131 39-27824<br>E-mail: <a href=\"mailto:cergic@uni-mainz.de\">cergic@uni-mainz.de<\/a><\/p>\n<!-- \/wp:paragraph -->\n\n<!-- wp:paragraph -->\n<p class=\"has-big-font-size\"><strong>Office hours<br><\/strong>by appointment via <a href=\"mailto:cergic@uni-mainz.de\">email<\/a><\/p>\n<!-- \/wp:paragraph -->\n<!-- \/wp:jgu\/accordion-item -->\n\n<!-- wp:jgu\/accordion-item {\"title\":\"Current Teaching\",\"init\":false,\"slug\":\"current-teaching\"} -->\n<!-- wp:jgu\/jogustine {\"instructor\":\"Milana Cergic\"} \/-->\n\n<!-- wp:paragraph -->\n<p class=\"has-big-font-size\"><\/p>\n<!-- \/wp:paragraph -->\n<!-- \/wp:jgu\/accordion-item -->\n<!-- \/wp:jgu\/accordion --><\/div>\n<!-- \/wp:column --><\/div>\n<!-- \/wp:columns --><\/div><\/div>\n<!-- \/wp:jgu\/section -->","_links":{"self":[{"href":"https:\/\/kultur.ftmk.uni-mainz.de\/en\/wp-json\/wp\/v2\/pages\/13708","targetHints":{"allow":["GET"]}}],"collection":[{"href":"https:\/\/kultur.ftmk.uni-mainz.de\/en\/wp-json\/wp\/v2\/pages"}],"about":[{"href":"https:\/\/kultur.ftmk.uni-mainz.de\/en\/wp-json\/wp\/v2\/types\/page"}],"author":[{"embeddable":true,"href":"https:\/\/kultur.ftmk.uni-mainz.de\/en\/wp-json\/wp\/v2\/users\/1272"}],"replies":[{"embeddable":true,"href":"https:\/\/kultur.ftmk.uni-mainz.de\/en\/wp-json\/wp\/v2\/comments?post=13708"}],"version-history":[{"count":9,"href":"https:\/\/kultur.ftmk.uni-mainz.de\/en\/wp-json\/wp\/v2\/pages\/13708\/revisions"}],"predecessor-version":[{"id":15466,"href":"https:\/\/kultur.ftmk.uni-mainz.de\/en\/wp-json\/wp\/v2\/pages\/13708\/revisions\/15466"}],"wp:attachment":[{"href":"https:\/\/kultur.ftmk.uni-mainz.de\/en\/wp-json\/wp\/v2\/media?parent=13708"}],"wp:term":[{"taxonomy":"category","embeddable":true,"href":"https:\/\/kultur.ftmk.uni-mainz.de\/en\/wp-json\/wp\/v2\/categories?post=13708"},{"taxonomy":"post_tag","embeddable":true,"href":"https:\/\/kultur.ftmk.uni-mainz.de\/en\/wp-json\/wp\/v2\/tags?post=13708"}],"curies":[{"name":"wp","href":"https:\/\/api.w.org\/{rel}","templated":true}]}}