{"id":13881,"date":"2025-01-24T19:29:54","date_gmt":"2025-01-24T18:29:54","guid":{"rendered":"https:\/\/kultur.ftmk.uni-mainz.de\/?page_id=13881"},"modified":"2026-04-08T14:02:34","modified_gmt":"2026-04-08T12:02:34","slug":"ohm","status":"publish","type":"page","link":"https:\/\/kultur.ftmk.uni-mainz.de\/en\/ohm\/","title":{"rendered":"Dr. Britta Ohm"},"content":{"rendered":"<jgu-base-section react-props=\"{&quot;color&quot;:&quot;dark&quot;,&quot;align&quot;:&quot;wide&quot;,&quot;padding&quot;:&quot;medium&quot;}\">\n<div class=\"jgu-bgsection bg bg-dark \"><div class=\"content padding-medium\"><jgu-base-heading react-props=\"{\n    &quot;index&quot;: &quot;Academic Staff Member&quot;,\n    &quot;color&quot;: &quot;default&quot;,\n    &quot;tags&quot;: {\n        &quot;htmlTag&quot;: &quot;h2&quot;,\n        &quot;classTag&quot;: &quot;&quot;,\n        &quot;tag&quot;: &quot;h2&quot;\n    },\n    &quot;heading&quot;: &quot;Dr. Britta Ohm&quot;,\n    &quot;textAlign&quot;: &quot;left&quot;,\n    &quot;anchor&quot;: &quot;&quot;\n}\"><\/jgu-base-heading>\n\n\n\n<div class=\"wp-block-columns is-layout-flex wp-container-core-columns-is-layout-9d6595d7 wp-block-columns-is-layout-flex\">\n<div class=\"wp-block-column is-layout-flow wp-block-column-is-layout-flow\" style=\"flex-basis:33.33%\"><jgu-base-image react-props=\"{\n    &quot;image&quot;: {\n        &quot;url&quot;: &quot;https:\\\/\\\/cms.zdv.uni-mainz.de\\\/fb05-iftek-kultur\\\/wp-content\\\/uploads\\\/sites\\\/573\\\/2025\\\/01\\\/IMG_7694-scaled-1.jpeg&quot;,\n        &quot;id&quot;: 9612,\n        &quot;title&quot;: &quot;IMG_7694-scaled&quot;,\n        &quot;width&quot;: 1707,\n        &quot;height&quot;: 2560,\n        &quot;srcset&quot;: &quot;https:\\\/\\\/cms.zdv.uni-mainz.de\\\/fb05-iftek-kultur\\\/wp-content\\\/uploads\\\/sites\\\/573\\\/2025\\\/01\\\/IMG_7694-scaled-1.jpeg 1707w, https:\\\/\\\/cms.zdv.uni-mainz.de\\\/fb05-iftek-kultur\\\/wp-content\\\/uploads\\\/sites\\\/573\\\/2025\\\/01\\\/IMG_7694-scaled-1-200x300.jpeg 200w, https:\\\/\\\/cms.zdv.uni-mainz.de\\\/fb05-iftek-kultur\\\/wp-content\\\/uploads\\\/sites\\\/573\\\/2025\\\/01\\\/IMG_7694-scaled-1-683x1024.jpeg 683w, https:\\\/\\\/cms.zdv.uni-mainz.de\\\/fb05-iftek-kultur\\\/wp-content\\\/uploads\\\/sites\\\/573\\\/2025\\\/01\\\/IMG_7694-scaled-1-768x1152.jpeg 768w, https:\\\/\\\/cms.zdv.uni-mainz.de\\\/fb05-iftek-kultur\\\/wp-content\\\/uploads\\\/sites\\\/573\\\/2025\\\/01\\\/IMG_7694-scaled-1-1024x1536.jpeg 1024w, https:\\\/\\\/cms.zdv.uni-mainz.de\\\/fb05-iftek-kultur\\\/wp-content\\\/uploads\\\/sites\\\/573\\\/2025\\\/01\\\/IMG_7694-scaled-1-1366x2048.jpeg 1366w&quot;\n    },\n    &quot;align&quot;: &quot;&quot;,\n    &quot;hasLightbox&quot;: false,\n    &quot;caption&quot;: &quot;&quot;,\n    &quot;imgWidth&quot;: 0,\n    &quot;link&quot;: {\n        &quot;url&quot;: &quot;&quot;,\n        &quot;target&quot;: &quot;&quot;,\n        &quot;rel&quot;: &quot;&quot;\n    }\n}\" class=\"align-\">\n    \n<\/jgu-base-image><\/div>\n\n\n\n<div class=\"wp-block-column is-layout-flow wp-block-column-is-layout-flow\" style=\"flex-basis:66.66%\"><jgu-base-collapsiblearea class=\"is-layout-flow wp-block-jgu-collapsible-area-is-layout-flow\" react-props=\"{&quot;visibleLines&quot;:5,&quot;collapse&quot;:&quot;always&quot;,&quot;collapsedHeight&quot;:150,&quot;content&quot;:&quot;\\n\\n&lt;p class=\\&quot;has-big-font-size\\&quot;&gt;&lt;strong&gt;Biography&lt;\\\/strong&gt;&lt;\\\/p&gt;\\n\\n\\n\\n&lt;p class=\\&quot;has-big-font-size\\&quot;&gt;Britta Ohm is a media anthropologist with a strong interest in formations of the political and the state. While still working for film and television during her studies in Political Science and History, she began extensive field research in the 1990s on the globalization and commercialization of the television landscape, first in India and later in Turkey. By shifting the comparative focus from the &#039;West&#039; to various postcolonial conditions, her work traced the rise of two distinct but structurally related populist movements \\u2013 that of political (post-)Islam in Turkey and Hindutva (&#039;Hindu-ness&#039;) in India \\u2013 through the respective forms and conditions of production of what was then the most popular visual item. She completed her doctorate (&#039;The Televised Community: Culture, Politics and the Market of Visual Representation in India&#039;) in 2007 in Comparative Cultural and Social Anthropology at Europa-Universit\\u00e4t Frankfurt (Oder). The work examined the significance of transnational TV corporations for the naturalization of Hindu-nationalist politics in both journalism and entertainment programs (especially in series\\\/soap operas). The politics of violence and conceptual and visual appropriation, as well as conflicting interpretative truth claims, were central moments in this process, which anticipated much of what we can currently observe in the West\\\/in Europe.     &lt;\\\/p&gt;\\n\\n\\n\\n&lt;p class=\\&quot;has-big-font-size\\&quot;&gt;As PI in a subsequent research project (&#039;The Meaning of Turkey: Narratives and Negotiations of the Islamic and the Secular on Commercial Turkish Television&#039;) at the Institute of Social Anthropology, University of Bern, she deepened aspects of genre theory, iconography, and questions of increasing media immediacy and post-representative popular power in the mediatization of a shifting public and political discourse with regard to &#039;Europe&#039; as a diminishing point of reference.&lt;\\\/p&gt;\\n\\n\\n\\n&lt;p class=\\&quot;has-big-font-size\\&quot;&gt;While continuously pursuing an interest in methods and theories of field research and ethnography (especially on questions of temporality), her recent work focuses on formations of rising global fascism and the (im)possibilities of communication, as well as digital activism\\\/digital abstinence among minoritized\\\/victimized groups in the context of internet politics and state-supported digitalization, hate speech, surveillance, and propaganda.&lt;\\\/p&gt;\\n\\n\\n\\n&lt;p class=\\&quot;has-big-font-size\\&quot;&gt;As a member of the coordination committee of the Network for Good Work in Academia, another pillar of her work addresses questions of structural precarity, legality, knowledge production, and academic freedom, specifically in the German but also in the international academic context.&lt;\\\/p&gt;\\n\\n\\n\\n&lt;p class=\\&quot;has-big-font-size\\&quot;&gt;She has published and presented her work extensively and received numerous scholarships and grants; she was a postdoctoral researcher at the University of Zurich and a Research\\\/Teaching Fellow at the Center for the Study of Developing Societies (CSDS), New Delhi, at Kadir Has University, Istanbul, at Jamia Millia Islamia, New Delhi, and at the International Institute for Asian Studies (IIAS), Leiden\\\/Netherlands.&lt;\\\/p&gt;\\n\\n\\n\\n&lt;p class=\\&quot;has-big-font-size\\&quot;&gt;Since July 2023, she has been a Research Associate in Cultural Studies\\\/European Ethnology at Johannes Gutenberg University Mainz.&lt;\\\/p&gt;\\n\\n&quot;,&quot;className&quot;:&quot;alignwide &quot;}\"><\/jgu-base-collapsiblearea>\n\n\n<p class=\"has-big-font-size\"><strong><a href=\"https:\/\/kultur.ftmk.uni-mainz.de\/wp-content\/uploads\/sites\/573\/2025\/09\/CV-ohm-2.pdf\" data-type=\"attachment\" data-id=\"12243\" target=\"_blank\" rel=\"noreferrer noopener\">Curriculum Vitae<\/a><br><br><a href=\"https:\/\/kultur.ftmk.uni-mainz.de\/wp-content\/uploads\/sites\/573\/2025\/09\/Publikationen-ohm.pdf\" data-type=\"attachment\" data-id=\"12246\" target=\"_blank\" rel=\"noreferrer noopener\">Publications<\/a><\/strong><\/p>\n\n\n<jgu-base-accordion react-props=\"{&quot;selected&quot;:7,&quot;align&quot;:&quot;wide&quot;,&quot;hasAllOpenButton&quot;:true,&quot;onlyOne&quot;:false,&quot;initAllClosed&quot;:true,&quot;enableSearch&quot;:false}\">\n    \n<jgu-base-accordionitem react-props=\"{&quot;title&quot;:&quot;Research Focus Areas&quot;,&quot;init&quot;:false,&quot;slug&quot;:&quot;research-focus-areas&quot;,&quot;align&quot;:&quot;wide&quot;,&quot;customSlug&quot;:false}\">\n    \n\n<ul class=\"wp-block-list has-big-font-size\">\n<li>Formations of the political and the state<\/li>\n\n\n\n<li>Media anthropology and visual anthropology<\/li>\n\n\n\n<li>Transformations of technological and economic systems<\/li>\n\n\n\n<li>Image and genre theory, iconography<\/li>\n\n\n\n<li>Mediatization and (post-)representative power<\/li>\n\n\n\n<li>Communication in\/by political, social, and identity movements<\/li>\n\n\n\n<li>Digital activism, digital abstinence, digital enforcement<\/li>\n\n\n\n<li>Surveillance, interpretation, appropriation, propaganda, hate speech<\/li>\n\n\n\n<li>Democracy, (post-)globalization, transnationalization<\/li>\n\n\n\n<li>(Neo-)nationalism, populism, majoritarianism, fascism<\/li>\n\n\n\n<li>Negotiations and dynamics of religion and secularism<\/li>\n\n\n\n<li>Legitimations and discourses of social\/political inclusion and exclusion<\/li>\n<\/ul>\n\n\n\n<p class=\"has-big-font-size\"><\/p>\n\n\n<\/jgu-base-accordionitem>\n\n<jgu-base-accordionitem react-props=\"{&quot;title&quot;:&quot;Publications&quot;,&quot;init&quot;:false,&quot;slug&quot;:&quot;publications&quot;,&quot;align&quot;:&quot;wide&quot;,&quot;customSlug&quot;:false}\">\n    \n\n<p class=\"has-big-font-size\"><\/p>\n\n\n<\/jgu-base-accordionitem>\n\n<jgu-base-accordionitem react-props=\"{&quot;title&quot;:&quot;Contact&quot;,&quot;init&quot;:false,&quot;slug&quot;:&quot;contact&quot;,&quot;align&quot;:&quot;wide&quot;,&quot;customSlug&quot;:false}\">\n    \n\n<p class=\"has-big-font-size\">Jakob-Welder-Weg 20<br>55128 Mainz<br>Philosophicum II (New Building), 2nd Floor<br>Room 02.310<br><br>Phone: +49 6131 39-3075<br>Email: <a href=\"mailto:briohm@uni-mainz.de\">briohm@uni-mainz.de<\/a><\/p>\n\n\n\n<p class=\"has-big-font-size\"><strong>Office hours<br><\/strong>by appointment via <a href=\"mailto:briohm@uni-mainz.de\">email<\/a><\/p>\n\n\n<\/jgu-base-accordionitem>\n\n<jgu-base-accordionitem react-props=\"{&quot;title&quot;:&quot;Current Teaching&quot;,&quot;init&quot;:false,&quot;slug&quot;:&quot;current-teaching&quot;,&quot;align&quot;:&quot;wide&quot;,&quot;customSlug&quot;:false}\">\n    \n\t<ol class=\"wp-block-list has-big-font-size\">\n\t\t\t\t\t<li>\n\t\t\t<a href=\"?event_id=395615899669351&amp;skip_groups=false\">\n\t\t\t\tEinf\u00fchrungsveranstaltung f\u00fcr alle Studienanf\u00e4nger*innen im BA Kulturanthropologie<\/a><br>\n\t\t\t\tInstructor: Dr. Britta Ohm\t\t\t\t\t\t<\/li>\n\t\t\t\t\t<li>\n\t\t\t<a href=\"?event_id=395415772917690&amp;skip_groups=false\">\n\t\t\t\t\u00dc. Lekt\u00fcrekurs<\/a><br>\n\t\t\t\tInstructor: Dr. Elena Backhausen; Dr. Britta Ohm; Dr. Clara-Franziska Plum; Dr. Franziska Reichenbecher; Katrin Schmitz\t\t\t\t\t\t<\/li>\n\t\t<\/ol>\n\t<hr>\n<p>\n\tSoSe 2026\t<\/p>\n\n\n\n\n<p class=\"has-big-font-size\"><\/p>\n\n\n<\/jgu-base-accordionitem>\n\n<\/jgu-base-accordion>\n<\/div>\n<\/div>\n<\/div><\/div>\n<\/jgu-base-section>    <div style=\"display: none\">\n        \n    <\/div>","protected":false},"excerpt":{"rendered":"","protected":false},"author":1272,"featured_media":0,"parent":0,"menu_order":0,"comment_status":"closed","ping_status":"closed","template":"","meta":{"footnotes":""},"categories":[],"tags":[],"class_list":["post-13881","page","type-page","status-publish","hentry"],"content_raw":"<!-- wp:jgu\/section {\"color\":\"dark\"} -->\n<div class=\"jgu-bgsection bg bg-dark \"><div class=\"content padding-medium\"><!-- wp:jgu\/heading {\"index\":\"Academic Staff Member\",\"color\":\"default\",\"tags\":{\"htmlTag\":\"h2\",\"classTag\":\"\",\"tag\":\"h2\"},\"heading\":\"Dr. Britta Ohm\"} \/-->\n\n<!-- wp:columns {\"className\":\"\"} -->\n<div class=\"wp-block-columns\"><!-- wp:column {\"width\":\"33.33%\"} -->\n<div class=\"wp-block-column\" style=\"flex-basis:33.33%\"><!-- wp:jgu\/image {\"image\":{\"url\":null,\"id\":9612}} \/--><\/div>\n<!-- \/wp:column -->\n\n<!-- wp:column {\"width\":\"66.66%\"} -->\n<div class=\"wp-block-column\" style=\"flex-basis:66.66%\"><!-- wp:jgu\/collapsible-area -->\n<!-- wp:paragraph -->\n<p class=\"has-big-font-size\"><strong>Biography<\/strong><\/p>\n<!-- \/wp:paragraph -->\n\n<!-- wp:paragraph -->\n<p class=\"has-big-font-size\">Britta Ohm is a media anthropologist with a strong interest in formations of the political and the state. While still working for film and television during her studies in Political Science and History, she began extensive field research in the 1990s on the globalization and commercialization of the television landscape, first in India and later in Turkey. By shifting the comparative focus from the 'West' to various postcolonial conditions, her work traced the rise of two distinct but structurally related populist movements \u2013 that of political (post-)Islam in Turkey and Hindutva ('Hindu-ness') in India \u2013 through the respective forms and conditions of production of what was then the most popular visual item. She completed her doctorate ('The Televised Community: Culture, Politics and the Market of Visual Representation in India') in 2007 in Comparative Cultural and Social Anthropology at Europa-Universit\u00e4t Frankfurt (Oder). The work examined the significance of transnational TV corporations for the naturalization of Hindu-nationalist politics in both journalism and entertainment programs (especially in series\/soap operas). The politics of violence and conceptual and visual appropriation, as well as conflicting interpretative truth claims, were central moments in this process, which anticipated much of what we can currently observe in the West\/in Europe.     <\/p>\n<!-- \/wp:paragraph -->\n\n<!-- wp:paragraph -->\n<p class=\"has-big-font-size\">As PI in a subsequent research project ('The Meaning of Turkey: Narratives and Negotiations of the Islamic and the Secular on Commercial Turkish Television') at the Institute of Social Anthropology, University of Bern, she deepened aspects of genre theory, iconography, and questions of increasing media immediacy and post-representative popular power in the mediatization of a shifting public and political discourse with regard to 'Europe' as a diminishing point of reference.<\/p>\n<!-- \/wp:paragraph -->\n\n<!-- wp:paragraph -->\n<p class=\"has-big-font-size\">While continuously pursuing an interest in methods and theories of field research and ethnography (especially on questions of temporality), her recent work focuses on formations of rising global fascism and the (im)possibilities of communication, as well as digital activism\/digital abstinence among minoritized\/victimized groups in the context of internet politics and state-supported digitalization, hate speech, surveillance, and propaganda.<\/p>\n<!-- \/wp:paragraph -->\n\n<!-- wp:paragraph -->\n<p class=\"has-big-font-size\">As a member of the coordination committee of the Network for Good Work in Academia, another pillar of her work addresses questions of structural precarity, legality, knowledge production, and academic freedom, specifically in the German but also in the international academic context.<\/p>\n<!-- \/wp:paragraph -->\n\n<!-- wp:paragraph -->\n<p class=\"has-big-font-size\">She has published and presented her work extensively and received numerous scholarships and grants; she was a postdoctoral researcher at the University of Zurich and a Research\/Teaching Fellow at the Center for the Study of Developing Societies (CSDS), New Delhi, at Kadir Has University, Istanbul, at Jamia Millia Islamia, New Delhi, and at the International Institute for Asian Studies (IIAS), Leiden\/Netherlands.<\/p>\n<!-- \/wp:paragraph -->\n\n<!-- wp:paragraph -->\n<p class=\"has-big-font-size\">Since July 2023, she has been a Research Associate in Cultural Studies\/European Ethnology at Johannes Gutenberg University Mainz.<\/p>\n<!-- \/wp:paragraph -->\n<!-- \/wp:jgu\/collapsible-area -->\n\n<!-- wp:paragraph -->\n<p class=\"has-big-font-size\"><strong><a href=\"https:\/\/cms.zdv.uni-mainz.de\/fb05-iftek-kultur\/wp-content\/uploads\/sites\/573\/2025\/09\/CV-ohm-2.pdf\" data-type=\"attachment\" data-id=\"12243\" target=\"_blank\" rel=\"noreferrer noopener\">Curriculum Vitae<\/a><br><br><a href=\"https:\/\/cms.zdv.uni-mainz.de\/fb05-iftek-kultur\/wp-content\/uploads\/sites\/573\/2025\/09\/Publikationen-ohm.pdf\" data-type=\"attachment\" data-id=\"12246\" target=\"_blank\" rel=\"noreferrer noopener\">Publications<\/a><\/strong><\/p>\n<!-- \/wp:paragraph -->\n\n<!-- wp:jgu\/accordion {\"selected\":7} -->\n<!-- wp:jgu\/accordion-item {\"title\":\"Research Focus Areas\",\"init\":false,\"slug\":\"research-focus-areas\"} -->\n<!-- wp:list {\"fontSize\":\"big\"} -->\n<ul class=\"wp-block-list has-big-font-size\"><!-- wp:list-item -->\n<li>Formations of the political and the state<\/li>\n<!-- \/wp:list-item -->\n\n<!-- wp:list-item -->\n<li>Media anthropology and visual anthropology<\/li>\n<!-- \/wp:list-item -->\n\n<!-- wp:list-item -->\n<li>Transformations of technological and economic systems<\/li>\n<!-- \/wp:list-item -->\n\n<!-- wp:list-item -->\n<li>Image and genre theory, iconography<\/li>\n<!-- \/wp:list-item -->\n\n<!-- wp:list-item -->\n<li>Mediatization and (post-)representative power<\/li>\n<!-- \/wp:list-item -->\n\n<!-- wp:list-item -->\n<li>Communication in\/by political, social, and identity movements<\/li>\n<!-- \/wp:list-item -->\n\n<!-- wp:list-item -->\n<li>Digital activism, digital abstinence, digital enforcement<\/li>\n<!-- \/wp:list-item -->\n\n<!-- wp:list-item -->\n<li>Surveillance, interpretation, appropriation, propaganda, hate speech<\/li>\n<!-- \/wp:list-item -->\n\n<!-- wp:list-item -->\n<li>Democracy, (post-)globalization, transnationalization<\/li>\n<!-- \/wp:list-item -->\n\n<!-- wp:list-item -->\n<li>(Neo-)nationalism, populism, majoritarianism, fascism<\/li>\n<!-- \/wp:list-item -->\n\n<!-- wp:list-item -->\n<li>Negotiations and dynamics of religion and secularism<\/li>\n<!-- \/wp:list-item -->\n\n<!-- wp:list-item -->\n<li>Legitimations and discourses of social\/political inclusion and exclusion<\/li>\n<!-- \/wp:list-item --><\/ul>\n<!-- \/wp:list -->\n\n<!-- wp:paragraph -->\n<p class=\"has-big-font-size\"><\/p>\n<!-- \/wp:paragraph -->\n<!-- \/wp:jgu\/accordion-item -->\n\n<!-- wp:jgu\/accordion-item {\"title\":\"Publications\",\"init\":false,\"slug\":\"publications\"} -->\n<!-- wp:paragraph -->\n<p class=\"has-big-font-size\"><\/p>\n<!-- \/wp:paragraph -->\n<!-- \/wp:jgu\/accordion-item -->\n\n<!-- wp:jgu\/accordion-item {\"title\":\"Contact\",\"init\":false,\"slug\":\"contact\"} -->\n<!-- wp:paragraph -->\n<p class=\"has-big-font-size\">Jakob-Welder-Weg 20<br>55128 Mainz<br>Philosophicum II (New Building), 2nd Floor<br>Room 02.310<br><br>Phone: +49 6131 39-3075<br>Email: <a href=\"mailto:briohm@uni-mainz.de\">briohm@uni-mainz.de<\/a><\/p>\n<!-- \/wp:paragraph -->\n\n<!-- wp:paragraph -->\n<p class=\"has-big-font-size\"><strong>Office hours<br><\/strong>by appointment via <a href=\"mailto:briohm@uni-mainz.de\">email<\/a><\/p>\n<!-- \/wp:paragraph -->\n<!-- \/wp:jgu\/accordion-item -->\n\n<!-- wp:jgu\/accordion-item {\"title\":\"Current Teaching\",\"init\":false,\"slug\":\"current-teaching\"} -->\n<!-- wp:jgu\/jogustine {\"instructor\":\"Britta Ohm\"} \/-->\n\n<!-- wp:paragraph -->\n<p class=\"has-big-font-size\"><\/p>\n<!-- \/wp:paragraph -->\n<!-- \/wp:jgu\/accordion-item -->\n<!-- \/wp:jgu\/accordion --><\/div>\n<!-- \/wp:column --><\/div>\n<!-- \/wp:columns --><\/div><\/div>\n<!-- \/wp:jgu\/section -->","_links":{"self":[{"href":"https:\/\/kultur.ftmk.uni-mainz.de\/en\/wp-json\/wp\/v2\/pages\/13881","targetHints":{"allow":["GET"]}}],"collection":[{"href":"https:\/\/kultur.ftmk.uni-mainz.de\/en\/wp-json\/wp\/v2\/pages"}],"about":[{"href":"https:\/\/kultur.ftmk.uni-mainz.de\/en\/wp-json\/wp\/v2\/types\/page"}],"author":[{"embeddable":true,"href":"https:\/\/kultur.ftmk.uni-mainz.de\/en\/wp-json\/wp\/v2\/users\/1272"}],"replies":[{"embeddable":true,"href":"https:\/\/kultur.ftmk.uni-mainz.de\/en\/wp-json\/wp\/v2\/comments?post=13881"}],"version-history":[{"count":8,"href":"https:\/\/kultur.ftmk.uni-mainz.de\/en\/wp-json\/wp\/v2\/pages\/13881\/revisions"}],"predecessor-version":[{"id":15465,"href":"https:\/\/kultur.ftmk.uni-mainz.de\/en\/wp-json\/wp\/v2\/pages\/13881\/revisions\/15465"}],"wp:attachment":[{"href":"https:\/\/kultur.ftmk.uni-mainz.de\/en\/wp-json\/wp\/v2\/media?parent=13881"}],"wp:term":[{"taxonomy":"category","embeddable":true,"href":"https:\/\/kultur.ftmk.uni-mainz.de\/en\/wp-json\/wp\/v2\/categories?post=13881"},{"taxonomy":"post_tag","embeddable":true,"href":"https:\/\/kultur.ftmk.uni-mainz.de\/en\/wp-json\/wp\/v2\/tags?post=13881"}],"curies":[{"name":"wp","href":"https:\/\/api.w.org\/{rel}","templated":true}]}}